{"id":3252,"date":"2023-11-21T10:55:29","date_gmt":"2023-11-21T09:55:29","guid":{"rendered":"https:\/\/dev-durable.agglo-larochelle.fr\/2023\/?page_id=3252"},"modified":"2023-12-13T15:17:44","modified_gmt":"2023-12-13T14:17:44","slug":"le-digital-cleanup-day-ex-cybercleanup-day-maintient-ses-objectifs-ambitieux","status":"publish","type":"page","link":"https:\/\/dev-durable.agglo-larochelle.fr\/2023\/un-territoire-sobre\/accompagnement-au-changement\/le-digital-cleanup-day-ex-cybercleanup-day-maintient-ses-objectifs-ambitieux\/","title":{"rendered":"Le Digital Cleanup Day (ex cybercleanup Day) maintient ses objectifs ambitieux"},"content":{"rendered":"\n<p><strong>Le Cyber World CleanUp Day s\u2019appelle d\u00e9sormais le Digital Cleanup Day. Sur le territoire rochelais une v\u00e9ritable dynamique s\u2019est cr\u00e9\u00e9e autour de cet \u00e9v\u00e9nement, avec de tr\u00e8s bons r\u00e9sultats\u00a0: pr\u00e8s de 5 To de donn\u00e9es num\u00e9riques ont \u00e9t\u00e9 supprim\u00e9es des espaces de stockage.<\/strong><\/p>\n<p>Cette ann\u00e9e, la Ville et l\u2019Agglo de La Rochelle, la Coop\u00e9rative Carbone, le Grand Port Atlantique, le parc Atlantech, La Rochelle Universit\u00e9, le Centre social et culturel Christiane Faure, L\u00e9a Nature, Charentes Tourisme (entre autres)\u2026 ainsi que les communes de Bourgneuf, Clavette, Croix-Chapeau, Dompierre-sur-Mer, Lagord, P\u00e9rigny, Puilboreau, Sainte-Soulle, Saint-M\u00e9dard d&rsquo;Aunis, Saint-Vivien, Salles-sur-Mer, Thair\u00e9, V\u00e9rines et Aytr\u00e9 ont particip\u00e9 \u00e0 des titres divers. Au total, 472 participants ont supprim\u00e9 4,\u00a0872 To de stockage (837 Go pour les seules Ville et Agglo). 11 ordinateurs fixes et portables, 2 tablettes, 62 smartphones ont \u00e9galement \u00e9t\u00e9 r\u00e9cup\u00e9r\u00e9s afin d\u2019\u00eatre recycl\u00e9s ou r\u00e9employ\u00e9s.<\/p>\n","protected":false},"excerpt":{"rendered":"<p>Le Cyber World CleanUp Day s\u2019appelle d\u00e9sormais le Digital Cleanup Day. Sur le territoire rochelais une v\u00e9ritable dynamique s\u2019est cr\u00e9\u00e9e autour de cet \u00e9v\u00e9nement, avec de tr\u00e8s bons r\u00e9sultats\u00a0: pr\u00e8s de 5 To de donn\u00e9es num\u00e9riques ont \u00e9t\u00e9 supprim\u00e9es des espaces de stockage. Cette ann\u00e9e, la Ville et l\u2019Agglo de La Rochelle, la Coop\u00e9rative Carbone, [&hellip;]<\/p>\n","protected":false},"author":1,"featured_media":665,"parent":2120,"menu_order":0,"comment_status":"closed","ping_status":"closed","template":"page-sous-partie.php","meta":{"inline_featured_image":false,"footnotes":""},"categories":[],"tags":[15],"acf":[],"_links":{"self":[{"href":"https:\/\/dev-durable.agglo-larochelle.fr\/2023\/wp-json\/wp\/v2\/pages\/3252"}],"collection":[{"href":"https:\/\/dev-durable.agglo-larochelle.fr\/2023\/wp-json\/wp\/v2\/pages"}],"about":[{"href":"https:\/\/dev-durable.agglo-larochelle.fr\/2023\/wp-json\/wp\/v2\/types\/page"}],"author":[{"embeddable":true,"href":"https:\/\/dev-durable.agglo-larochelle.fr\/2023\/wp-json\/wp\/v2\/users\/1"}],"replies":[{"embeddable":true,"href":"https:\/\/dev-durable.agglo-larochelle.fr\/2023\/wp-json\/wp\/v2\/comments?post=3252"}],"version-history":[{"count":3,"href":"https:\/\/dev-durable.agglo-larochelle.fr\/2023\/wp-json\/wp\/v2\/pages\/3252\/revisions"}],"predecessor-version":[{"id":3255,"href":"https:\/\/dev-durable.agglo-larochelle.fr\/2023\/wp-json\/wp\/v2\/pages\/3252\/revisions\/3255"}],"up":[{"embeddable":true,"href":"https:\/\/dev-durable.agglo-larochelle.fr\/2023\/wp-json\/wp\/v2\/pages\/2120"}],"wp:featuredmedia":[{"embeddable":true,"href":"https:\/\/dev-durable.agglo-larochelle.fr\/2023\/wp-json\/wp\/v2\/media\/665"}],"wp:attachment":[{"href":"https:\/\/dev-durable.agglo-larochelle.fr\/2023\/wp-json\/wp\/v2\/media?parent=3252"}],"wp:term":[{"taxonomy":"category","embeddable":true,"href":"https:\/\/dev-durable.agglo-larochelle.fr\/2023\/wp-json\/wp\/v2\/categories?post=3252"},{"taxonomy":"post_tag","embeddable":true,"href":"https:\/\/dev-durable.agglo-larochelle.fr\/2023\/wp-json\/wp\/v2\/tags?post=3252"}],"curies":[{"name":"wp","href":"https:\/\/api.w.org\/{rel}","templated":true}]}}