{"id":3256,"date":"2023-11-21T10:57:25","date_gmt":"2023-11-21T09:57:25","guid":{"rendered":"https:\/\/dev-durable.agglo-larochelle.fr\/2023\/?page_id=3256"},"modified":"2023-11-21T10:57:25","modified_gmt":"2023-11-21T09:57:25","slug":"semaine-super-nulle-des-volontaires-se-sont-passes-de-voiture-durant-un-mois","status":"publish","type":"page","link":"https:\/\/dev-durable.agglo-larochelle.fr\/2023\/un-territoire-sobre\/accompagnement-au-changement\/semaine-super-nulle-des-volontaires-se-sont-passes-de-voiture-durant-un-mois\/","title":{"rendered":"Semaine super nulle\u00a0: des volontaires se sont pass\u00e9s de voiture durant un mois"},"content":{"rendered":"\n<p><strong>Un appel avait \u00e9t\u00e9 pass\u00e9 avant la \u00ab\u00a0Semaine nulle\u2026 en carbone\u00a0\u00bb, auquel plus de 60 volontaires avaient r\u00e9pondu. 10 ont \u00e9t\u00e9 s\u00e9lectionn\u00e9s, qui se sont engag\u00e9s \u00e0 ne pas utiliser leur voiture \u2013 ou le moins possible \u2013 pendant un mois entier.<\/strong><\/p>\n<p>Pour aider les participants de ce challenge, qui embarquait toute leur famille, l\u2019ensemble des solutions alternatives de mobilit\u00e9 de l\u2019Agglom\u00e9ration leur \u00e9tait propos\u00e9\u00a0: v\u00e9lo \u00e9lectrique, abonnements Y\u00e9lo et TER, autopartage et voitures \u00e9lectriques, passeurs, applications d\u2019optimisation des trajets, etc. Les participants devaient ensuite trouver les meilleurs formules pour se rendre au travail, amener les enfants \u00e0 l\u2019\u00e9cole, faire les courses, profiter des week-ends\u2026 Une participante au moins a r\u00e9ussi \u00e0 se passer enti\u00e8rement de son v\u00e9hicule thermique pendant toute la dur\u00e9e de l\u2019exp\u00e9rimentation. Au total, 1 900 km ont \u00e9t\u00e9 parcourus \u00e0 v\u00e9lo et 250 km en bus.<\/p>\n","protected":false},"excerpt":{"rendered":"<p>Un appel avait \u00e9t\u00e9 pass\u00e9 avant la \u00ab\u00a0Semaine nulle\u2026 en carbone\u00a0\u00bb, auquel plus de 60 volontaires avaient r\u00e9pondu. 10 ont \u00e9t\u00e9 s\u00e9lectionn\u00e9s, qui se sont engag\u00e9s \u00e0 ne pas utiliser leur voiture \u2013 ou le moins possible \u2013 pendant un mois entier. Pour aider les participants de ce challenge, qui embarquait toute leur famille, l\u2019ensemble [&hellip;]<\/p>\n","protected":false},"author":1,"featured_media":3682,"parent":2120,"menu_order":0,"comment_status":"closed","ping_status":"closed","template":"page-sous-partie.php","meta":{"inline_featured_image":false,"footnotes":""},"categories":[],"tags":[33,20],"acf":[],"_links":{"self":[{"href":"https:\/\/dev-durable.agglo-larochelle.fr\/2023\/wp-json\/wp\/v2\/pages\/3256"}],"collection":[{"href":"https:\/\/dev-durable.agglo-larochelle.fr\/2023\/wp-json\/wp\/v2\/pages"}],"about":[{"href":"https:\/\/dev-durable.agglo-larochelle.fr\/2023\/wp-json\/wp\/v2\/types\/page"}],"author":[{"embeddable":true,"href":"https:\/\/dev-durable.agglo-larochelle.fr\/2023\/wp-json\/wp\/v2\/users\/1"}],"replies":[{"embeddable":true,"href":"https:\/\/dev-durable.agglo-larochelle.fr\/2023\/wp-json\/wp\/v2\/comments?post=3256"}],"version-history":[{"count":2,"href":"https:\/\/dev-durable.agglo-larochelle.fr\/2023\/wp-json\/wp\/v2\/pages\/3256\/revisions"}],"predecessor-version":[{"id":3258,"href":"https:\/\/dev-durable.agglo-larochelle.fr\/2023\/wp-json\/wp\/v2\/pages\/3256\/revisions\/3258"}],"up":[{"embeddable":true,"href":"https:\/\/dev-durable.agglo-larochelle.fr\/2023\/wp-json\/wp\/v2\/pages\/2120"}],"wp:featuredmedia":[{"embeddable":true,"href":"https:\/\/dev-durable.agglo-larochelle.fr\/2023\/wp-json\/wp\/v2\/media\/3682"}],"wp:attachment":[{"href":"https:\/\/dev-durable.agglo-larochelle.fr\/2023\/wp-json\/wp\/v2\/media?parent=3256"}],"wp:term":[{"taxonomy":"category","embeddable":true,"href":"https:\/\/dev-durable.agglo-larochelle.fr\/2023\/wp-json\/wp\/v2\/categories?post=3256"},{"taxonomy":"post_tag","embeddable":true,"href":"https:\/\/dev-durable.agglo-larochelle.fr\/2023\/wp-json\/wp\/v2\/tags?post=3256"}],"curies":[{"name":"wp","href":"https:\/\/api.w.org\/{rel}","templated":true}]}}