{"id":3282,"date":"2023-11-21T11:20:12","date_gmt":"2023-11-21T10:20:12","guid":{"rendered":"https:\/\/dev-durable.agglo-larochelle.fr\/2023\/?page_id=3282"},"modified":"2023-12-15T15:47:09","modified_gmt":"2023-12-15T14:47:09","slug":"accompagnement-de-loffice-public-de-lhabitat-dans-le-compostage-en-pied-dimmeuble","status":"publish","type":"page","link":"https:\/\/dev-durable.agglo-larochelle.fr\/2023\/un-territoire-sobre\/accompagnement-au-changement\/accompagnement-de-loffice-public-de-lhabitat-dans-le-compostage-en-pied-dimmeuble\/","title":{"rendered":"Accompagnement de l\u2019Office Public de l\u2019Habitat dans le compostage en pied d\u2019immeuble"},"content":{"rendered":"\n<p><strong>Apr\u00e8s les quartiers de Port-Neuf et de Mireuil, l\u2019Office Public de l\u2019Habitat (OPH) poursuit le d\u00e9ploiement du compostage en pied d\u2019immeuble \u00e0 l\u2019attention de ses locataires.<\/strong><\/p>\n<p>Accompagn\u00e9 par la Direction Gestion et Pr\u00e9vention des D\u00e9chets, l\u2019OPH a inaugur\u00e9, en juin 2023, 19 nouveaux sites de compostage partag\u00e9 dans plusieurs quartiers de la Ville de La Rochelle (La Pallice, Saint-Maurice, Saint-Eloi, Beauregard, Les Minimes) ; 6 autres sites sont pr\u00e9vus \u00e0 l\u2019automne 2023. Au total, ce sont 1 206 nouveaux foyers sur 14 r\u00e9sidences qui peuvent d\u00e9sormais trier leurs d\u00e9chets alimentaires. Les gardiens et la r\u00e9gie Espaces verts de l\u2019OPH &#8211; form\u00e9s \u00e0 la pratique du compostage &#8211; se chargent au quotidien de la bonne gestion des sites de compostage.<\/p>\n<p>75% du patrimoine rochelais de l\u2019OPH est d\u00e9sormais \u00e9quip\u00e9 en composteurs en pied d\u2019immeuble<\/p>\n","protected":false},"excerpt":{"rendered":"<p>Apr\u00e8s les quartiers de Port-Neuf et de Mireuil, l\u2019Office Public de l\u2019Habitat (OPH) poursuit le d\u00e9ploiement du compostage en pied d\u2019immeuble \u00e0 l\u2019attention de ses locataires. Accompagn\u00e9 par la Direction Gestion et Pr\u00e9vention des D\u00e9chets, l\u2019OPH a inaugur\u00e9, en juin 2023, 19 nouveaux sites de compostage partag\u00e9 dans plusieurs quartiers de la Ville de La [&hellip;]<\/p>\n","protected":false},"author":1,"featured_media":3742,"parent":2120,"menu_order":0,"comment_status":"closed","ping_status":"closed","template":"page-sous-partie.php","meta":{"inline_featured_image":false,"footnotes":""},"categories":[],"tags":[],"acf":[],"_links":{"self":[{"href":"https:\/\/dev-durable.agglo-larochelle.fr\/2023\/wp-json\/wp\/v2\/pages\/3282"}],"collection":[{"href":"https:\/\/dev-durable.agglo-larochelle.fr\/2023\/wp-json\/wp\/v2\/pages"}],"about":[{"href":"https:\/\/dev-durable.agglo-larochelle.fr\/2023\/wp-json\/wp\/v2\/types\/page"}],"author":[{"embeddable":true,"href":"https:\/\/dev-durable.agglo-larochelle.fr\/2023\/wp-json\/wp\/v2\/users\/1"}],"replies":[{"embeddable":true,"href":"https:\/\/dev-durable.agglo-larochelle.fr\/2023\/wp-json\/wp\/v2\/comments?post=3282"}],"version-history":[{"count":2,"href":"https:\/\/dev-durable.agglo-larochelle.fr\/2023\/wp-json\/wp\/v2\/pages\/3282\/revisions"}],"predecessor-version":[{"id":3284,"href":"https:\/\/dev-durable.agglo-larochelle.fr\/2023\/wp-json\/wp\/v2\/pages\/3282\/revisions\/3284"}],"up":[{"embeddable":true,"href":"https:\/\/dev-durable.agglo-larochelle.fr\/2023\/wp-json\/wp\/v2\/pages\/2120"}],"wp:featuredmedia":[{"embeddable":true,"href":"https:\/\/dev-durable.agglo-larochelle.fr\/2023\/wp-json\/wp\/v2\/media\/3742"}],"wp:attachment":[{"href":"https:\/\/dev-durable.agglo-larochelle.fr\/2023\/wp-json\/wp\/v2\/media?parent=3282"}],"wp:term":[{"taxonomy":"category","embeddable":true,"href":"https:\/\/dev-durable.agglo-larochelle.fr\/2023\/wp-json\/wp\/v2\/categories?post=3282"},{"taxonomy":"post_tag","embeddable":true,"href":"https:\/\/dev-durable.agglo-larochelle.fr\/2023\/wp-json\/wp\/v2\/tags?post=3282"}],"curies":[{"name":"wp","href":"https:\/\/api.w.org\/{rel}","templated":true}]}}