{"id":3285,"date":"2023-11-21T11:23:59","date_gmt":"2023-11-21T10:23:59","guid":{"rendered":"https:\/\/dev-durable.agglo-larochelle.fr\/2023\/?page_id=3285"},"modified":"2023-12-15T15:47:37","modified_gmt":"2023-12-15T14:47:37","slug":"5emes-rencontres-des-referents-de-site-de-compostage-partage","status":"publish","type":"page","link":"https:\/\/dev-durable.agglo-larochelle.fr\/2023\/un-territoire-sobre\/accompagnement-au-changement\/5emes-rencontres-des-referents-de-site-de-compostage-partage\/","title":{"rendered":"5\u00e8mes rencontres des r\u00e9f\u00e9rents de site de compostage partag\u00e9"},"content":{"rendered":"\n<p><strong>En 2023, pr\u00e8s de 50 sites de compostage en pied d\u2019immeuble sont g\u00e9r\u00e9s par des habitants volontaires qui ont \u00e9t\u00e9 form\u00e9s \u00e0 la pratique du compostage. Des rencontres sont r\u00e9guli\u00e8rement organis\u00e9es pour \u00e9changer et am\u00e9liorer les pratiques.<\/strong><\/p>\n<p>Accompagn\u00e9s par la Direction Gestion et Pr\u00e9vention des D\u00e9chets pour la mise en place des sites de compostage, l\u2019Agglom\u00e9ration anime le r\u00e9seau de r\u00e9f\u00e9rents, \u00e0 travers notamment l\u2019organisation de rencontres annuelles qui sont des occasions de se rencontrer, d\u2019\u00e9changer et d\u2019acqu\u00e9rir de nouvelles connaissances. En octobre, une nouvelle rencontre a eu lieu sur la th\u00e9matique des rongeurs. Dix-huit r\u00e9f\u00e9rents provenant de quatorze r\u00e9sidences ont ainsi pu \u00eatre sensibilis\u00e9s \u00e0 la pr\u00e9sence des rongeurs dans notre environnement par la Direction Sant\u00e9 Publique et Accessibilit\u00e9 de la Ville de La Rochelle. L\u2019objectif \u00e9tait de comprendre leur fonctionnement et d\u2019adopter les bons gestes pour \u00e9viter leur installation dans les composteurs et dans les jardins.<\/p>\n","protected":false},"excerpt":{"rendered":"<p>En 2023, pr\u00e8s de 50 sites de compostage en pied d\u2019immeuble sont g\u00e9r\u00e9s par des habitants volontaires qui ont \u00e9t\u00e9 form\u00e9s \u00e0 la pratique du compostage. Des rencontres sont r\u00e9guli\u00e8rement organis\u00e9es pour \u00e9changer et am\u00e9liorer les pratiques. Accompagn\u00e9s par la Direction Gestion et Pr\u00e9vention des D\u00e9chets pour la mise en place des sites de compostage, [&hellip;]<\/p>\n","protected":false},"author":1,"featured_media":3742,"parent":2120,"menu_order":0,"comment_status":"closed","ping_status":"closed","template":"page-sous-partie.php","meta":{"inline_featured_image":false,"footnotes":""},"categories":[],"tags":[],"acf":[],"_links":{"self":[{"href":"https:\/\/dev-durable.agglo-larochelle.fr\/2023\/wp-json\/wp\/v2\/pages\/3285"}],"collection":[{"href":"https:\/\/dev-durable.agglo-larochelle.fr\/2023\/wp-json\/wp\/v2\/pages"}],"about":[{"href":"https:\/\/dev-durable.agglo-larochelle.fr\/2023\/wp-json\/wp\/v2\/types\/page"}],"author":[{"embeddable":true,"href":"https:\/\/dev-durable.agglo-larochelle.fr\/2023\/wp-json\/wp\/v2\/users\/1"}],"replies":[{"embeddable":true,"href":"https:\/\/dev-durable.agglo-larochelle.fr\/2023\/wp-json\/wp\/v2\/comments?post=3285"}],"version-history":[{"count":2,"href":"https:\/\/dev-durable.agglo-larochelle.fr\/2023\/wp-json\/wp\/v2\/pages\/3285\/revisions"}],"predecessor-version":[{"id":3287,"href":"https:\/\/dev-durable.agglo-larochelle.fr\/2023\/wp-json\/wp\/v2\/pages\/3285\/revisions\/3287"}],"up":[{"embeddable":true,"href":"https:\/\/dev-durable.agglo-larochelle.fr\/2023\/wp-json\/wp\/v2\/pages\/2120"}],"wp:featuredmedia":[{"embeddable":true,"href":"https:\/\/dev-durable.agglo-larochelle.fr\/2023\/wp-json\/wp\/v2\/media\/3742"}],"wp:attachment":[{"href":"https:\/\/dev-durable.agglo-larochelle.fr\/2023\/wp-json\/wp\/v2\/media?parent=3285"}],"wp:term":[{"taxonomy":"category","embeddable":true,"href":"https:\/\/dev-durable.agglo-larochelle.fr\/2023\/wp-json\/wp\/v2\/categories?post=3285"},{"taxonomy":"post_tag","embeddable":true,"href":"https:\/\/dev-durable.agglo-larochelle.fr\/2023\/wp-json\/wp\/v2\/tags?post=3285"}],"curies":[{"name":"wp","href":"https:\/\/api.w.org\/{rel}","templated":true}]}}