{"id":3345,"date":"2023-11-21T15:13:47","date_gmt":"2023-11-21T14:13:47","guid":{"rendered":"https:\/\/dev-durable.agglo-larochelle.fr\/2023\/?page_id=3345"},"modified":"2023-12-15T15:02:50","modified_gmt":"2023-12-15T14:02:50","slug":"premier-accueil-dune-delegation-japonaise-sur-le-theme-de-la-decarbonation","status":"publish","type":"page","link":"https:\/\/dev-durable.agglo-larochelle.fr\/2023\/un-territoire-de-cooperations\/cooperations-decentralisees\/premier-accueil-dune-delegation-japonaise-sur-le-theme-de-la-decarbonation\/","title":{"rendered":"Premier accueil d\u2019une d\u00e9l\u00e9gation japonaise, sur le th\u00e8me de la d\u00e9carbonation"},"content":{"rendered":"\n<p><strong>Une d\u00e9l\u00e9gation de la ville de Kishiwada, l\u2019une des villes de la pr\u00e9fecture d\u2019Osaka, a \u00e9t\u00e9 accueillie fin novembre pour la premi\u00e8re fois \u00e0 La Rochelle. Le champ de coop\u00e9ration principal concerne les projets de d\u00e9carbonation du territoire.<\/strong><\/p>\n<p>L\u2019approche de Kishiwada et de la pr\u00e9fecture d\u2019Osaka est bas\u00e9e sur des partenariats tr\u00e8s importants avec leurs entreprises locales. Le retour d\u2019exp\u00e9rience pourra \u00eatre utile pour d\u00e9velopper LRTZC dans ce m\u00eame axe. Kishiwada souhaite s\u2019inspirer de la d\u00e9marche carbone bleu. Parall\u00e8lement, elle souhaite d\u00e9velopper un \u00e9change de musiciens avec le Conservatoire de musique et de danse de l\u2019Agglo de La Rochelle.<\/p>\n","protected":false},"excerpt":{"rendered":"<p>Une d\u00e9l\u00e9gation de la ville de Kishiwada, l\u2019une des villes de la pr\u00e9fecture d\u2019Osaka, a \u00e9t\u00e9 accueillie fin novembre pour la premi\u00e8re fois \u00e0 La Rochelle. Le champ de coop\u00e9ration principal concerne les projets de d\u00e9carbonation du territoire. L\u2019approche de Kishiwada et de la pr\u00e9fecture d\u2019Osaka est bas\u00e9e sur des partenariats tr\u00e8s importants avec leurs [&hellip;]<\/p>\n","protected":false},"author":1,"featured_media":3735,"parent":2845,"menu_order":2,"comment_status":"closed","ping_status":"closed","template":"page-sous-partie.php","meta":{"inline_featured_image":false,"footnotes":""},"categories":[],"tags":[27,17],"acf":[],"_links":{"self":[{"href":"https:\/\/dev-durable.agglo-larochelle.fr\/2023\/wp-json\/wp\/v2\/pages\/3345"}],"collection":[{"href":"https:\/\/dev-durable.agglo-larochelle.fr\/2023\/wp-json\/wp\/v2\/pages"}],"about":[{"href":"https:\/\/dev-durable.agglo-larochelle.fr\/2023\/wp-json\/wp\/v2\/types\/page"}],"author":[{"embeddable":true,"href":"https:\/\/dev-durable.agglo-larochelle.fr\/2023\/wp-json\/wp\/v2\/users\/1"}],"replies":[{"embeddable":true,"href":"https:\/\/dev-durable.agglo-larochelle.fr\/2023\/wp-json\/wp\/v2\/comments?post=3345"}],"version-history":[{"count":2,"href":"https:\/\/dev-durable.agglo-larochelle.fr\/2023\/wp-json\/wp\/v2\/pages\/3345\/revisions"}],"predecessor-version":[{"id":3347,"href":"https:\/\/dev-durable.agglo-larochelle.fr\/2023\/wp-json\/wp\/v2\/pages\/3345\/revisions\/3347"}],"up":[{"embeddable":true,"href":"https:\/\/dev-durable.agglo-larochelle.fr\/2023\/wp-json\/wp\/v2\/pages\/2845"}],"wp:featuredmedia":[{"embeddable":true,"href":"https:\/\/dev-durable.agglo-larochelle.fr\/2023\/wp-json\/wp\/v2\/media\/3735"}],"wp:attachment":[{"href":"https:\/\/dev-durable.agglo-larochelle.fr\/2023\/wp-json\/wp\/v2\/media?parent=3345"}],"wp:term":[{"taxonomy":"category","embeddable":true,"href":"https:\/\/dev-durable.agglo-larochelle.fr\/2023\/wp-json\/wp\/v2\/categories?post=3345"},{"taxonomy":"post_tag","embeddable":true,"href":"https:\/\/dev-durable.agglo-larochelle.fr\/2023\/wp-json\/wp\/v2\/tags?post=3345"}],"curies":[{"name":"wp","href":"https:\/\/api.w.org\/{rel}","templated":true}]}}